{"id":21875,"date":"2014-07-09T07:54:08","date_gmt":"2014-07-09T07:54:08","guid":{"rendered":"https:\/\/www.altecs.be\/?page_id=21875"},"modified":"2019-11-18T11:22:51","modified_gmt":"2019-11-18T10:22:51","slug":"home-standard-fullscreen","status":"publish","type":"page","link":"https:\/\/www.altecs.be\/fr\/","title":{"rendered":"Home"},"content":{"rendered":"<div class=\"wpb-content-wrapper\"><p>[vc_row css=\u00a0\u00bb.vc_custom_1448664141570{margin-top: 30px !important;}\u00a0\u00bb][vc_column][vc_row_inner type=\u00a0\u00bbgrid\u00a0\u00bb padding_top=\u00a0\u00bb95&Prime;][vc_column_inner width=\u00a0\u00bb1\/3&Prime;]<div class=\"q_box_holder with_icon\" style=\"\"><div class=\"box_holder_icon\"><div class=\"box_holder_icon_inner   \" style=\"\"><div class=\"icon_holder_inner\"><span class=\"q_font_elegant_holder  \" style=\"font-size: 30px;\"><span class=\"icon_text_icon q_font_elegant_icon icon_phone\" aria-hidden=\"true\" style=\"font-size: 30px;\"><\/span><\/span><\/div><\/div><\/div><div class=\"box_holder_inner  center\"><h2 class=\"icon_title\" style=\"color: #e6ae48\">24 Hour<br \/>\nservice<\/h2><p style=\"\">Nous offrons ce service \u00e0 tous nos clients ainsi qu\u2019aux clients qui on d\u00e9j\u00e0 un contrat d\u2019entretien pour syst\u00e8mes d\u2019alarmes, etc\u2026Nous sommes donc disponible 24h sur 24h pour r\u00e9soudre vos probl\u00e8mes au plus vite.<\/p><\/div><\/div>[vc_separator type=\u00a0\u00bbtransparent\u00a0\u00bb up=\u00a0\u00bb40&Prime;][vc_column_text]<\/p>\n<h2 style=\"text-align: center;\">0471 49 57 17<\/h2>\n<p>[\/vc_column_text][\/vc_column_inner][vc_column_inner width=\u00a0\u00bb1\/3&Prime;]<div class=\"q_box_holder with_icon\" style=\"\"><div class=\"box_holder_icon\"><div class=\"box_holder_icon_inner   \" style=\"\"><div class=\"icon_holder_inner\"><span class=\"q_font_elegant_holder  \" style=\"font-size: 30px;\"><span class=\"icon_text_icon q_font_elegant_icon icon_laptop\" aria-hidden=\"true\" style=\"font-size: 30px;\"><\/span><\/span><\/div><\/div><\/div><div class=\"box_holder_inner  center\"><h2 class=\"icon_title\" style=\"color: #e6ae48\">S\u00e9curit\u00e9<br \/>\n\u00e9lectronique<\/h2><p style=\"\">Nos sp\u00e9cialit\u00e9s<\/p><\/div><\/div>[vc_column_text]<\/p>\n<p style=\"text-align: center;\">Syst\u00e8mes d\u2019alarmes sans fil<\/p>\n<p style=\"text-align: center;\">Syst\u00e8mes d\u2019alarmes filaire<\/p>\n<p style=\"text-align: center;\">Surveillance par camera<\/p>\n<p style=\"text-align: center;\">D\u00e9tection incendie<\/p>\n<p style=\"text-align: center;\">Contr\u00f4le d\u2019acc\u00e8s<\/p>\n<p style=\"text-align: center;\">Automatisation de portes de garages et portes battants existantes<\/p>\n<p style=\"text-align: center;\">Vid\u00e9o &amp; parlophonie<\/p>\n<p style=\"text-align: center;\">Traveaux g\u00e9n\u00e9rale d\u2019\u00e9lectricit\u00e9<\/p>\n<p>[\/vc_column_text][\/vc_column_inner][vc_column_inner width=\u00a0\u00bb1\/3&Prime;]<div class=\"q_box_holder with_icon\" style=\"\"><div class=\"box_holder_icon\"><div class=\"box_holder_icon_inner   \" style=\"\"><div class=\"icon_holder_inner\"><span class=\"q_font_elegant_holder  \" style=\"font-size: 30px;\"><span class=\"icon_text_icon q_font_elegant_icon icon_document_alt\" aria-hidden=\"true\" style=\"font-size: 30px;\"><\/span><\/span><\/div><\/div><\/div><div class=\"box_holder_inner  center\"><h2 class=\"icon_title\" style=\"color: #e6ae48\">Entreprise de s\u00e9curit\u00e9 approuv\u00e9e <\/h2><p style=\"\">Nous offrons des conseils pour la s\u00e9curit\u00e9 de votre maison et entreprise.<\/p><\/div><\/div>[vc_separator type=\u00a0\u00bbtransparent\u00a0\u00bb up=\u00a0\u00bb40&Prime;][vc_column_text]<\/p>\n<h2 style=\"text-align: center;\">DEVIS GRATUIT SUR MESURE<\/h2>\n<p>[\/vc_column_text][\/vc_column_inner][\/vc_row_inner][\/vc_column][\/vc_row][vc_row padding_top=\u00a0\u00bb100&Prime;][vc_column][vc_row_inner type=\u00a0\u00bbgrid\u00a0\u00bb text_align=\u00a0\u00bbcenter\u00a0\u00bb][vc_column_inner][vc_column_text]<\/p>\n<h2 style=\"text-align: center;\"><span style=\"color: #e6ae48;\">PROMOTIONS<\/span><\/h2>\n<p>[\/vc_column_text][vc_separator type=\u00a0\u00bbtransparent\u00a0\u00bb up=\u00a0\u00bb30&Prime;][vc_column_text]<\/p>\n<h5 style=\"text-align: center;\">Les cilindres de Burg-W\u00e4chter pour un prix tr\u00e8s sp\u00e9ciale, contactez Altecs!<\/h5>\n<p>[\/vc_column_text][\/vc_column_inner][\/vc_row_inner][vc_row_inner type=\u00a0\u00bbgrid\u00a0\u00bb text_align=\u00a0\u00bbcenter\u00a0\u00bb padding_top=\u00a0\u00bb100&Prime; padding_bottom=\u00a0\u00bb95&Prime; el_id=\u00a0\u00bbelek-general\u00a0\u00bb][vc_column_inner][vc_column_text]<\/p>\n<h2 style=\"text-align: center;\">TRAVAUX GENERALE D\u2019ELECTRICITE<\/h2>\n<p>[\/vc_column_text][vc_separator type=\u00a0\u00bbtransparent\u00a0\u00bb up=\u00a0\u00bb30&Prime;]<div class=\"custom_font_holder\" style=\"font-family: Raleway; font-size: 17px; font-weight: 400; color: #9d9d9d; letter-spacing: 0px; text-align: center;\"><span><\/p>\n<p style=\"text-align: center;\">Nouvelles habitations, renovation, c\u00e2blage d&rsquo;armoires de distribution, installation \u2013 r\u00e9seau, \u00e9clairage de jardin,&#8230;<\/p>\n<p><\/span><\/div>[vc_separator type=\u00a0\u00bbtransparent\u00a0\u00bb up=\u00a0\u00bb40&Prime;]<a href=\"produits\/electricite\" target=\"_self\"  class=\"qbutton  large\" style=\"\">EN SAVOIR PLUS<\/a>[\/vc_column_inner][\/vc_row_inner][\/vc_column][\/vc_row]<\/p>\n<\/div>","protected":false},"excerpt":{"rendered":"<p>[vc_row css=\u00a0\u00bb.vc_custom_1448664141570{margin-top: 30px !important;}\u00a0\u00bb][vc_column][vc_row_inner type=\u00a0\u00bbgrid\u00a0\u00bb padding_top=\u00a0\u00bb95&Prime;][vc_column_inner width=\u00a0\u00bb1\/3&Prime;][vc_separator type=\u00a0\u00bbtransparent\u00a0\u00bb up=\u00a0\u00bb40&Prime;][vc_column_text] 0471 49 57 17 [\/vc_column_text][\/vc_column_inner][vc_column_inner width=\u00a0\u00bb1\/3&Prime;][vc_column_text] Syst\u00e8mes d\u2019alarmes sans fil Syst\u00e8mes d\u2019alarmes filaire Surveillance par camera D\u00e9tection incendie Contr\u00f4le d\u2019acc\u00e8s Automatisation de portes de garages et portes battants existantes Vid\u00e9o &amp; parlophonie Traveaux g\u00e9n\u00e9rale d\u2019\u00e9lectricit\u00e9 [\/vc_column_text][\/vc_column_inner][vc_column_inner&#8230;<\/p>\n","protected":false},"author":2,"featured_media":0,"parent":0,"menu_order":0,"comment_status":"open","ping_status":"closed","template":"full_width.php","meta":{"footnotes":""},"class_list":["post-21875","page","type-page","status-publish","hentry"],"yoast_head":"<!-- This site is optimized with the Yoast SEO plugin v25.0 - https:\/\/yoast.com\/wordpress\/plugins\/seo\/ -->\n<title>Altecs SRL - Your Security Partner<\/title>\n<meta name=\"description\" content=\"Entreprise de s\u00e9curit\u00e9 approuv\u00e9e - 24 hour service\" \/>\n<meta name=\"robots\" content=\"index, follow, max-snippet:-1, max-image-preview:large, max-video-preview:-1\" \/>\n<link rel=\"canonical\" href=\"https:\/\/www.altecs.be\/fr\/\" \/>\n<meta property=\"og:locale\" content=\"fr_FR\" \/>\n<meta property=\"og:type\" content=\"article\" \/>\n<meta property=\"og:title\" content=\"Altecs SRL - Your Security Partner\" \/>\n<meta property=\"og:description\" content=\"Entreprise de s\u00e9curit\u00e9 approuv\u00e9e - 24 hour service\" \/>\n<meta property=\"og:url\" content=\"https:\/\/www.altecs.be\/fr\/\" \/>\n<meta property=\"og:site_name\" content=\"Altecs\" \/>\n<meta property=\"article:modified_time\" content=\"2019-11-18T10:22:51+00:00\" \/>\n<meta name=\"twitter:label1\" content=\"Dur\u00e9e de lecture estim\u00e9e\" \/>\n\t<meta name=\"twitter:data1\" content=\"2 minutes\" \/>\n<!-- \/ Yoast SEO plugin. -->","yoast_head_json":{"title":"Altecs SRL - Your Security Partner","description":"Entreprise de s\u00e9curit\u00e9 approuv\u00e9e - 24 hour service","robots":{"index":"index","follow":"follow","max-snippet":"max-snippet:-1","max-image-preview":"max-image-preview:large","max-video-preview":"max-video-preview:-1"},"canonical":"https:\/\/www.altecs.be\/fr\/","og_locale":"fr_FR","og_type":"article","og_title":"Altecs SRL - Your Security Partner","og_description":"Entreprise de s\u00e9curit\u00e9 approuv\u00e9e - 24 hour service","og_url":"https:\/\/www.altecs.be\/fr\/","og_site_name":"Altecs","article_modified_time":"2019-11-18T10:22:51+00:00","twitter_misc":{"Dur\u00e9e de lecture estim\u00e9e":"2 minutes"},"schema":{"@context":"https:\/\/schema.org","@graph":[{"@type":"WebPage","@id":"https:\/\/www.altecs.be\/fr\/","url":"https:\/\/www.altecs.be\/fr\/","name":"Altecs SRL - Your Security Partner","isPartOf":{"@id":"https:\/\/www.altecs.be\/fr\/#website"},"datePublished":"2014-07-09T07:54:08+00:00","dateModified":"2019-11-18T10:22:51+00:00","description":"Entreprise de s\u00e9curit\u00e9 approuv\u00e9e - 24 hour service","breadcrumb":{"@id":"https:\/\/www.altecs.be\/fr\/#breadcrumb"},"inLanguage":"fr-FR","potentialAction":[{"@type":"ReadAction","target":["https:\/\/www.altecs.be\/fr\/"]}]},{"@type":"BreadcrumbList","@id":"https:\/\/www.altecs.be\/fr\/#breadcrumb","itemListElement":[{"@type":"ListItem","position":1,"name":"Home","item":"https:\/\/www.altecs.be\/fr\/"},{"@type":"ListItem","position":2,"name":"Home"}]},{"@type":"WebSite","@id":"https:\/\/www.altecs.be\/fr\/#website","url":"https:\/\/www.altecs.be\/fr\/","name":"Altecs","description":"Just another WordPress site","publisher":{"@id":"https:\/\/www.altecs.be\/fr\/#organization"},"potentialAction":[{"@type":"SearchAction","target":{"@type":"EntryPoint","urlTemplate":"https:\/\/www.altecs.be\/fr\/?s={search_term_string}"},"query-input":{"@type":"PropertyValueSpecification","valueRequired":true,"valueName":"search_term_string"}}],"inLanguage":"fr-FR"},{"@type":"Organization","@id":"https:\/\/www.altecs.be\/fr\/#organization","name":"Altecs","url":"https:\/\/www.altecs.be\/fr\/","logo":{"@type":"ImageObject","inLanguage":"fr-FR","@id":"https:\/\/www.altecs.be\/fr\/#\/schema\/logo\/image\/","url":"https:\/\/www.altecs.be\/wp-content\/uploads\/2015\/02\/logo.png","contentUrl":"https:\/\/www.altecs.be\/wp-content\/uploads\/2015\/02\/logo.png","width":200,"height":150,"caption":"Altecs"},"image":{"@id":"https:\/\/www.altecs.be\/fr\/#\/schema\/logo\/image\/"}}]}},"_links":{"self":[{"href":"https:\/\/www.altecs.be\/fr\/wp-json\/wp\/v2\/pages\/21875","targetHints":{"allow":["GET"]}}],"collection":[{"href":"https:\/\/www.altecs.be\/fr\/wp-json\/wp\/v2\/pages"}],"about":[{"href":"https:\/\/www.altecs.be\/fr\/wp-json\/wp\/v2\/types\/page"}],"author":[{"embeddable":true,"href":"https:\/\/www.altecs.be\/fr\/wp-json\/wp\/v2\/users\/2"}],"replies":[{"embeddable":true,"href":"https:\/\/www.altecs.be\/fr\/wp-json\/wp\/v2\/comments?post=21875"}],"version-history":[{"count":1,"href":"https:\/\/www.altecs.be\/fr\/wp-json\/wp\/v2\/pages\/21875\/revisions"}],"predecessor-version":[{"id":22246,"href":"https:\/\/www.altecs.be\/fr\/wp-json\/wp\/v2\/pages\/21875\/revisions\/22246"}],"wp:attachment":[{"href":"https:\/\/www.altecs.be\/fr\/wp-json\/wp\/v2\/media?parent=21875"}],"curies":[{"name":"wp","href":"https:\/\/api.w.org\/{rel}","templated":true}]}}