{"id":22108,"date":"2015-02-17T16:12:12","date_gmt":"2015-02-17T16:12:12","guid":{"rendered":"https:\/\/www.altecs.be\/produits\/cilinders\/"},"modified":"2019-09-05T14:43:21","modified_gmt":"2019-09-05T12:43:21","slug":"cilindres","status":"publish","type":"page","link":"https:\/\/www.altecs.be\/fr\/produits\/cilindres\/","title":{"rendered":"Cilindres"},"content":{"rendered":"<div class=\"wpb-content-wrapper\"><p>[vc_row row_type=\u00a0\u00bbrow\u00a0\u00bb use_row_as_full_screen_section=\u00a0\u00bbno\u00a0\u00bb type=\u00a0\u00bbfull_width\u00a0\u00bb text_align=\u00a0\u00bbleft\u00a0\u00bb background_animation=\u00a0\u00bbnone\u00a0\u00bb css_animation=\u00a0\u00bb\u00a0\u00bb][vc_column][vc_column_text]<\/p>\n<h2 style=\"text-align: center;\">Nos marques<\/h2>\n<p>[\/vc_column_text][\/vc_column][\/vc_row][vc_row row_type=\u00a0\u00bbrow\u00a0\u00bb use_row_as_full_screen_section=\u00a0\u00bbno\u00a0\u00bb type=\u00a0\u00bbfull_width\u00a0\u00bb text_align=\u00a0\u00bbleft\u00a0\u00bb background_animation=\u00a0\u00bbnone\u00a0\u00bb css_animation=\u00a0\u00bb\u00a0\u00bb css=\u00a0\u00bb.vc_custom_1435048714718{margin-top: 50px !important;margin-right: 40px !important;margin-bottom: 50px !important;margin-left: 40px !important;}\u00a0\u00bb][vc_column][vc_row_inner row_type=\u00a0\u00bbrow\u00a0\u00bb type=\u00a0\u00bbfull_width\u00a0\u00bb use_row_as_full_screen_section_slide=\u00a0\u00bbno\u00a0\u00bb text_align=\u00a0\u00bbleft\u00a0\u00bb css_animation=\u00a0\u00bb\u00a0\u00bb][vc_column_inner width=\u00a0\u00bb1\/3&Prime;][vc_single_image image=\u00a0\u00bb21872&Prime; img_size=\u00a0\u00bbmedium\u00a0\u00bb alignment=\u00a0\u00bbcenter\u00a0\u00bb onclick=\u00a0\u00bbcustom_link\u00a0\u00bb img_link_target=\u00a0\u00bb_blank\u00a0\u00bb qode_css_animation=\u00a0\u00bb\u00a0\u00bb link=\u00a0\u00bbhttp:\/\/www.mul-t-lock.com\/en\/site\/Mul-T-Lock\/Products\/?groupId=82&Prime;][\/vc_column_inner][vc_column_inner width=\u00a0\u00bb2\/3&Prime;][vc_column_text]Mul-T-Lock Ltd. est leader mondial dans le d\u00e9veloppement, la fabrication et la commercialisation de produits de haute s\u00e9curit\u00e9 pour des applications institutionnelles, commerciales, industrielles et r\u00e9sidentielles. Notre gamme de produits comprend des cylindres m\u00e9caniques, des serrures et des cadenas, des syst\u00e8mes de verrouillage \u00e9lectronique et des machines \u00e0 tailler les cl\u00e9s. La soci\u00e9t\u00e9 appartient enti\u00e8rement \u00e0 ASSA ABLOY, leader mondial dans la fabrication et la fourniture de solutions de verrouillage.<\/p>\n<p>Tous les cilindres \u00e0 consulter sur leur site: <a href=\"http:\/\/www.mul-t-lock.fr\/fr\/french\/\" target=\"_blank\" rel=\"noopener noreferrer\">Mul-T-Lock<\/a>[\/vc_column_text][\/vc_column_inner][\/vc_row_inner][\/vc_column][\/vc_row]<\/p>\n<\/div>","protected":false},"excerpt":{"rendered":"<p>[vc_row row_type=\u00a0\u00bbrow\u00a0\u00bb use_row_as_full_screen_section=\u00a0\u00bbno\u00a0\u00bb type=\u00a0\u00bbfull_width\u00a0\u00bb text_align=\u00a0\u00bbleft\u00a0\u00bb background_animation=\u00a0\u00bbnone\u00a0\u00bb css_animation=\u00a0\u00bb\u00a0\u00bb][vc_column][vc_column_text] Nos marques [\/vc_column_text][\/vc_column][\/vc_row][vc_row row_type=\u00a0\u00bbrow\u00a0\u00bb use_row_as_full_screen_section=\u00a0\u00bbno\u00a0\u00bb type=\u00a0\u00bbfull_width\u00a0\u00bb text_align=\u00a0\u00bbleft\u00a0\u00bb background_animation=\u00a0\u00bbnone\u00a0\u00bb css_animation=\u00a0\u00bb\u00a0\u00bb css=\u00a0\u00bb.vc_custom_1435048714718{margin-top: 50px !important;margin-right: 40px !important;margin-bottom: 50px !important;margin-left: 40px !important;}\u00a0\u00bb][vc_column][vc_row_inner row_type=\u00a0\u00bbrow\u00a0\u00bb type=\u00a0\u00bbfull_width\u00a0\u00bb use_row_as_full_screen_section_slide=\u00a0\u00bbno\u00a0\u00bb text_align=\u00a0\u00bbleft\u00a0\u00bb css_animation=\u00a0\u00bb\u00a0\u00bb][vc_column_inner width=\u00a0\u00bb1\/3&Prime;][vc_single_image image=\u00a0\u00bb21872&Prime; img_size=\u00a0\u00bbmedium\u00a0\u00bb alignment=\u00a0\u00bbcenter\u00a0\u00bb onclick=\u00a0\u00bbcustom_link\u00a0\u00bb img_link_target=\u00a0\u00bb_blank\u00a0\u00bb qode_css_animation=\u00a0\u00bb\u00a0\u00bb link=\u00a0\u00bbhttp:\/\/www.mul-t-lock.com\/en\/site\/Mul-T-Lock\/Products\/?groupId=82&Prime;][\/vc_column_inner][vc_column_inner width=\u00a0\u00bb2\/3&Prime;][vc_column_text]Mul-T-Lock Ltd. est leader mondial dans le&#8230;<\/p>\n","protected":false},"author":2,"featured_media":0,"parent":21886,"menu_order":0,"comment_status":"open","ping_status":"closed","template":"","meta":{"footnotes":""},"class_list":["post-22108","page","type-page","status-publish","hentry"],"yoast_head":"<!-- This site is optimized with the Yoast SEO plugin v25.0 - https:\/\/yoast.com\/wordpress\/plugins\/seo\/ -->\n<title>Cilindres - Altecs<\/title>\n<meta name=\"robots\" content=\"index, follow, max-snippet:-1, max-image-preview:large, max-video-preview:-1\" \/>\n<link rel=\"canonical\" href=\"https:\/\/www.altecs.be\/fr\/produits\/cilindres\/\" \/>\n<meta property=\"og:locale\" content=\"fr_FR\" \/>\n<meta property=\"og:type\" content=\"article\" \/>\n<meta property=\"og:title\" content=\"Cilindres - Altecs\" \/>\n<meta property=\"og:description\" content=\"[vc_row row_type=\u00a0\u00bbrow\u00a0\u00bb use_row_as_full_screen_section=\u00a0\u00bbno\u00a0\u00bb type=\u00a0\u00bbfull_width\u00a0\u00bb text_align=\u00a0\u00bbleft\u00a0\u00bb background_animation=\u00a0\u00bbnone\u00a0\u00bb css_animation=\u00a0\u00bb\u00a0\u00bb][vc_column][vc_column_text] Nos marques [\/vc_column_text][\/vc_column][\/vc_row][vc_row row_type=\u00a0\u00bbrow\u00a0\u00bb use_row_as_full_screen_section=\u00a0\u00bbno\u00a0\u00bb type=\u00a0\u00bbfull_width\u00a0\u00bb text_align=\u00a0\u00bbleft\u00a0\u00bb background_animation=\u00a0\u00bbnone\u00a0\u00bb css_animation=\u00a0\u00bb\u00a0\u00bb css=\u00a0\u00bb.vc_custom_1435048714718{margin-top: 50px !important;margin-right: 40px !important;margin-bottom: 50px !important;margin-left: 40px !important;}\u00a0\u00bb][vc_column][vc_row_inner row_type=\u00a0\u00bbrow\u00a0\u00bb type=\u00a0\u00bbfull_width\u00a0\u00bb use_row_as_full_screen_section_slide=\u00a0\u00bbno\u00a0\u00bb text_align=\u00a0\u00bbleft\u00a0\u00bb css_animation=\u00a0\u00bb\u00a0\u00bb][vc_column_inner width=\u00a0\u00bb1\/3&Prime;][vc_single_image image=\u00a0\u00bb21872&Prime; img_size=\u00a0\u00bbmedium\u00a0\u00bb alignment=\u00a0\u00bbcenter\u00a0\u00bb onclick=\u00a0\u00bbcustom_link\u00a0\u00bb img_link_target=\u00a0\u00bb_blank\u00a0\u00bb qode_css_animation=\u00a0\u00bb\u00a0\u00bb link=\u00a0\u00bbhttp:\/\/www.mul-t-lock.com\/en\/site\/Mul-T-Lock\/Products\/?groupId=82&Prime;][\/vc_column_inner][vc_column_inner width=\u00a0\u00bb2\/3&Prime;][vc_column_text]Mul-T-Lock Ltd. est leader mondial dans le...\" \/>\n<meta property=\"og:url\" content=\"https:\/\/www.altecs.be\/fr\/produits\/cilindres\/\" \/>\n<meta property=\"og:site_name\" content=\"Altecs\" \/>\n<meta property=\"article:modified_time\" content=\"2019-09-05T12:43:21+00:00\" \/>\n<meta name=\"twitter:label1\" content=\"Dur\u00e9e de lecture estim\u00e9e\" \/>\n\t<meta name=\"twitter:data1\" content=\"1 minute\" \/>\n<!-- \/ Yoast SEO plugin. -->","yoast_head_json":{"title":"Cilindres - Altecs","robots":{"index":"index","follow":"follow","max-snippet":"max-snippet:-1","max-image-preview":"max-image-preview:large","max-video-preview":"max-video-preview:-1"},"canonical":"https:\/\/www.altecs.be\/fr\/produits\/cilindres\/","og_locale":"fr_FR","og_type":"article","og_title":"Cilindres - Altecs","og_description":"[vc_row row_type=\u00a0\u00bbrow\u00a0\u00bb use_row_as_full_screen_section=\u00a0\u00bbno\u00a0\u00bb type=\u00a0\u00bbfull_width\u00a0\u00bb text_align=\u00a0\u00bbleft\u00a0\u00bb background_animation=\u00a0\u00bbnone\u00a0\u00bb css_animation=\u00a0\u00bb\u00a0\u00bb][vc_column][vc_column_text] Nos marques [\/vc_column_text][\/vc_column][\/vc_row][vc_row row_type=\u00a0\u00bbrow\u00a0\u00bb use_row_as_full_screen_section=\u00a0\u00bbno\u00a0\u00bb type=\u00a0\u00bbfull_width\u00a0\u00bb text_align=\u00a0\u00bbleft\u00a0\u00bb background_animation=\u00a0\u00bbnone\u00a0\u00bb css_animation=\u00a0\u00bb\u00a0\u00bb css=\u00a0\u00bb.vc_custom_1435048714718{margin-top: 50px !important;margin-right: 40px !important;margin-bottom: 50px !important;margin-left: 40px !important;}\u00a0\u00bb][vc_column][vc_row_inner row_type=\u00a0\u00bbrow\u00a0\u00bb type=\u00a0\u00bbfull_width\u00a0\u00bb use_row_as_full_screen_section_slide=\u00a0\u00bbno\u00a0\u00bb text_align=\u00a0\u00bbleft\u00a0\u00bb css_animation=\u00a0\u00bb\u00a0\u00bb][vc_column_inner width=\u00a0\u00bb1\/3&Prime;][vc_single_image image=\u00a0\u00bb21872&Prime; img_size=\u00a0\u00bbmedium\u00a0\u00bb alignment=\u00a0\u00bbcenter\u00a0\u00bb onclick=\u00a0\u00bbcustom_link\u00a0\u00bb img_link_target=\u00a0\u00bb_blank\u00a0\u00bb qode_css_animation=\u00a0\u00bb\u00a0\u00bb link=\u00a0\u00bbhttp:\/\/www.mul-t-lock.com\/en\/site\/Mul-T-Lock\/Products\/?groupId=82&Prime;][\/vc_column_inner][vc_column_inner width=\u00a0\u00bb2\/3&Prime;][vc_column_text]Mul-T-Lock Ltd. est leader mondial dans le...","og_url":"https:\/\/www.altecs.be\/fr\/produits\/cilindres\/","og_site_name":"Altecs","article_modified_time":"2019-09-05T12:43:21+00:00","twitter_misc":{"Dur\u00e9e de lecture estim\u00e9e":"1 minute"},"schema":{"@context":"https:\/\/schema.org","@graph":[{"@type":"WebPage","@id":"https:\/\/www.altecs.be\/fr\/produits\/cilindres\/","url":"https:\/\/www.altecs.be\/fr\/produits\/cilindres\/","name":"Cilindres - Altecs","isPartOf":{"@id":"https:\/\/www.altecs.be\/fr\/#website"},"datePublished":"2015-02-17T16:12:12+00:00","dateModified":"2019-09-05T12:43:21+00:00","breadcrumb":{"@id":"https:\/\/www.altecs.be\/fr\/produits\/cilindres\/#breadcrumb"},"inLanguage":"fr-FR","potentialAction":[{"@type":"ReadAction","target":["https:\/\/www.altecs.be\/fr\/produits\/cilindres\/"]}]},{"@type":"BreadcrumbList","@id":"https:\/\/www.altecs.be\/fr\/produits\/cilindres\/#breadcrumb","itemListElement":[{"@type":"ListItem","position":1,"name":"Home","item":"https:\/\/www.altecs.be\/fr\/"},{"@type":"ListItem","position":2,"name":"Produits","item":"https:\/\/www.altecs.be\/fr\/producten\/"},{"@type":"ListItem","position":3,"name":"Cilindres"}]},{"@type":"WebSite","@id":"https:\/\/www.altecs.be\/fr\/#website","url":"https:\/\/www.altecs.be\/fr\/","name":"Altecs","description":"Just another WordPress site","publisher":{"@id":"https:\/\/www.altecs.be\/fr\/#organization"},"potentialAction":[{"@type":"SearchAction","target":{"@type":"EntryPoint","urlTemplate":"https:\/\/www.altecs.be\/fr\/?s={search_term_string}"},"query-input":{"@type":"PropertyValueSpecification","valueRequired":true,"valueName":"search_term_string"}}],"inLanguage":"fr-FR"},{"@type":"Organization","@id":"https:\/\/www.altecs.be\/fr\/#organization","name":"Altecs","url":"https:\/\/www.altecs.be\/fr\/","logo":{"@type":"ImageObject","inLanguage":"fr-FR","@id":"https:\/\/www.altecs.be\/fr\/#\/schema\/logo\/image\/","url":"https:\/\/www.altecs.be\/wp-content\/uploads\/2015\/02\/logo.png","contentUrl":"https:\/\/www.altecs.be\/wp-content\/uploads\/2015\/02\/logo.png","width":200,"height":150,"caption":"Altecs"},"image":{"@id":"https:\/\/www.altecs.be\/fr\/#\/schema\/logo\/image\/"}}]}},"_links":{"self":[{"href":"https:\/\/www.altecs.be\/fr\/wp-json\/wp\/v2\/pages\/22108","targetHints":{"allow":["GET"]}}],"collection":[{"href":"https:\/\/www.altecs.be\/fr\/wp-json\/wp\/v2\/pages"}],"about":[{"href":"https:\/\/www.altecs.be\/fr\/wp-json\/wp\/v2\/types\/page"}],"author":[{"embeddable":true,"href":"https:\/\/www.altecs.be\/fr\/wp-json\/wp\/v2\/users\/2"}],"replies":[{"embeddable":true,"href":"https:\/\/www.altecs.be\/fr\/wp-json\/wp\/v2\/comments?post=22108"}],"version-history":[{"count":3,"href":"https:\/\/www.altecs.be\/fr\/wp-json\/wp\/v2\/pages\/22108\/revisions"}],"predecessor-version":[{"id":22227,"href":"https:\/\/www.altecs.be\/fr\/wp-json\/wp\/v2\/pages\/22108\/revisions\/22227"}],"up":[{"embeddable":true,"href":"https:\/\/www.altecs.be\/fr\/wp-json\/wp\/v2\/pages\/21886"}],"wp:attachment":[{"href":"https:\/\/www.altecs.be\/fr\/wp-json\/wp\/v2\/media?parent=22108"}],"curies":[{"name":"wp","href":"https:\/\/api.w.org\/{rel}","templated":true}]}}