{"id":22113,"date":"2015-02-17T16:16:00","date_gmt":"2015-02-17T16:16:00","guid":{"rendered":"https:\/\/www.altecs.be\/produits\/elektriciteit\/"},"modified":"2019-09-05T14:44:25","modified_gmt":"2019-09-05T12:44:25","slug":"electricite","status":"publish","type":"page","link":"https:\/\/www.altecs.be\/fr\/produits\/electricite\/","title":{"rendered":"\u00c9lectricit\u00e9"},"content":{"rendered":"<div class=\"wpb-content-wrapper\"><p>[vc_row][vc_column width=\u00a0\u00bb1\/1&Prime;][vc_column_text]<\/p>\n<h2 style=\"text-align: center;\">Travaux\u00a0g\u00e9n\u00e9rale\u00a0d&rsquo;\u00e9lectricit\u00e9<\/h2>\n<p>&nbsp;<\/p>\n<ul>\n<li><strong>Nouvelles habitations<\/strong> : installation compl\u00e8te d\u2019\u00e9lectricit\u00e9 et domotique<\/li>\n<li><strong>Renovation<\/strong> : adaptation de petits et grands travaux d\u2019\u00e9lectricit\u00e9<\/li>\n<li><strong>C\u00e2blage d\u2019armoires de distribution<\/strong><\/li>\n<li><strong>Installation r\u00e9seau<\/strong><\/li>\n<li><strong>Eclairage de jardin<\/strong> :\n<ul>\n<li>placement et c\u00e2blage<\/li>\n<li>livraison et placement d\u2019appareilles d\u2019\u00e9clairages<\/li>\n<li>Il est possible d\u2019allumer votre \u00e9clairage avec une commande \u00e0 distance et d\u2019employer la m\u00eame commande\u00a0pour votre porte ou grille<\/li>\n<\/ul>\n<\/li>\n<\/ul>\n<p>[\/vc_column_text][\/vc_column][\/vc_row]<\/p>\n<\/div>","protected":false},"excerpt":{"rendered":"<p>[vc_row][vc_column width=\u00a0\u00bb1\/1&Prime;][vc_column_text] Travaux\u00a0g\u00e9n\u00e9rale\u00a0d&rsquo;\u00e9lectricit\u00e9 &nbsp; Nouvelles habitations : installation compl\u00e8te d\u2019\u00e9lectricit\u00e9 et domotique Renovation : adaptation de petits et grands travaux d\u2019\u00e9lectricit\u00e9 C\u00e2blage d\u2019armoires de distribution Installation r\u00e9seau Eclairage de jardin : placement et c\u00e2blage livraison et placement d\u2019appareilles d\u2019\u00e9clairages Il est possible d\u2019allumer votre \u00e9clairage&#8230;<\/p>\n","protected":false},"author":2,"featured_media":0,"parent":21886,"menu_order":0,"comment_status":"open","ping_status":"closed","template":"","meta":{"footnotes":""},"class_list":["post-22113","page","type-page","status-publish","hentry"],"yoast_head":"<!-- This site is optimized with the Yoast SEO plugin v25.0 - https:\/\/yoast.com\/wordpress\/plugins\/seo\/ -->\n<title>\u00c9lectricit\u00e9 - Altecs<\/title>\n<meta name=\"robots\" content=\"index, follow, max-snippet:-1, max-image-preview:large, max-video-preview:-1\" \/>\n<link rel=\"canonical\" href=\"https:\/\/www.altecs.be\/fr\/produits\/electricite\/\" \/>\n<meta property=\"og:locale\" content=\"fr_FR\" \/>\n<meta property=\"og:type\" content=\"article\" \/>\n<meta property=\"og:title\" content=\"\u00c9lectricit\u00e9 - Altecs\" \/>\n<meta property=\"og:description\" content=\"[vc_row][vc_column width=\u00a0\u00bb1\/1&Prime;][vc_column_text] Travaux\u00a0g\u00e9n\u00e9rale\u00a0d&rsquo;\u00e9lectricit\u00e9 &nbsp; Nouvelles habitations : installation compl\u00e8te d\u2019\u00e9lectricit\u00e9 et domotique Renovation : adaptation de petits et grands travaux d\u2019\u00e9lectricit\u00e9 C\u00e2blage d\u2019armoires de distribution Installation r\u00e9seau Eclairage de jardin : placement et c\u00e2blage livraison et placement d\u2019appareilles d\u2019\u00e9clairages Il est possible d\u2019allumer votre \u00e9clairage...\" \/>\n<meta property=\"og:url\" content=\"https:\/\/www.altecs.be\/fr\/produits\/electricite\/\" \/>\n<meta property=\"og:site_name\" content=\"Altecs\" \/>\n<meta property=\"article:modified_time\" content=\"2019-09-05T12:44:25+00:00\" \/>\n<!-- \/ Yoast SEO plugin. -->","yoast_head_json":{"title":"\u00c9lectricit\u00e9 - Altecs","robots":{"index":"index","follow":"follow","max-snippet":"max-snippet:-1","max-image-preview":"max-image-preview:large","max-video-preview":"max-video-preview:-1"},"canonical":"https:\/\/www.altecs.be\/fr\/produits\/electricite\/","og_locale":"fr_FR","og_type":"article","og_title":"\u00c9lectricit\u00e9 - Altecs","og_description":"[vc_row][vc_column width=\u00a0\u00bb1\/1&Prime;][vc_column_text] Travaux\u00a0g\u00e9n\u00e9rale\u00a0d&rsquo;\u00e9lectricit\u00e9 &nbsp; Nouvelles habitations : installation compl\u00e8te d\u2019\u00e9lectricit\u00e9 et domotique Renovation : adaptation de petits et grands travaux d\u2019\u00e9lectricit\u00e9 C\u00e2blage d\u2019armoires de distribution Installation r\u00e9seau Eclairage de jardin : placement et c\u00e2blage livraison et placement d\u2019appareilles d\u2019\u00e9clairages Il est possible d\u2019allumer votre \u00e9clairage...","og_url":"https:\/\/www.altecs.be\/fr\/produits\/electricite\/","og_site_name":"Altecs","article_modified_time":"2019-09-05T12:44:25+00:00","schema":{"@context":"https:\/\/schema.org","@graph":[{"@type":"WebPage","@id":"https:\/\/www.altecs.be\/fr\/produits\/electricite\/","url":"https:\/\/www.altecs.be\/fr\/produits\/electricite\/","name":"\u00c9lectricit\u00e9 - Altecs","isPartOf":{"@id":"https:\/\/www.altecs.be\/fr\/#website"},"datePublished":"2015-02-17T16:16:00+00:00","dateModified":"2019-09-05T12:44:25+00:00","breadcrumb":{"@id":"https:\/\/www.altecs.be\/fr\/produits\/electricite\/#breadcrumb"},"inLanguage":"fr-FR","potentialAction":[{"@type":"ReadAction","target":["https:\/\/www.altecs.be\/fr\/produits\/electricite\/"]}]},{"@type":"BreadcrumbList","@id":"https:\/\/www.altecs.be\/fr\/produits\/electricite\/#breadcrumb","itemListElement":[{"@type":"ListItem","position":1,"name":"Home","item":"https:\/\/www.altecs.be\/fr\/"},{"@type":"ListItem","position":2,"name":"Produits","item":"https:\/\/www.altecs.be\/fr\/producten\/"},{"@type":"ListItem","position":3,"name":"\u00c9lectricit\u00e9"}]},{"@type":"WebSite","@id":"https:\/\/www.altecs.be\/fr\/#website","url":"https:\/\/www.altecs.be\/fr\/","name":"Altecs","description":"Just another WordPress site","publisher":{"@id":"https:\/\/www.altecs.be\/fr\/#organization"},"potentialAction":[{"@type":"SearchAction","target":{"@type":"EntryPoint","urlTemplate":"https:\/\/www.altecs.be\/fr\/?s={search_term_string}"},"query-input":{"@type":"PropertyValueSpecification","valueRequired":true,"valueName":"search_term_string"}}],"inLanguage":"fr-FR"},{"@type":"Organization","@id":"https:\/\/www.altecs.be\/fr\/#organization","name":"Altecs","url":"https:\/\/www.altecs.be\/fr\/","logo":{"@type":"ImageObject","inLanguage":"fr-FR","@id":"https:\/\/www.altecs.be\/fr\/#\/schema\/logo\/image\/","url":"https:\/\/www.altecs.be\/wp-content\/uploads\/2015\/02\/logo.png","contentUrl":"https:\/\/www.altecs.be\/wp-content\/uploads\/2015\/02\/logo.png","width":200,"height":150,"caption":"Altecs"},"image":{"@id":"https:\/\/www.altecs.be\/fr\/#\/schema\/logo\/image\/"}}]}},"_links":{"self":[{"href":"https:\/\/www.altecs.be\/fr\/wp-json\/wp\/v2\/pages\/22113","targetHints":{"allow":["GET"]}}],"collection":[{"href":"https:\/\/www.altecs.be\/fr\/wp-json\/wp\/v2\/pages"}],"about":[{"href":"https:\/\/www.altecs.be\/fr\/wp-json\/wp\/v2\/types\/page"}],"author":[{"embeddable":true,"href":"https:\/\/www.altecs.be\/fr\/wp-json\/wp\/v2\/users\/2"}],"replies":[{"embeddable":true,"href":"https:\/\/www.altecs.be\/fr\/wp-json\/wp\/v2\/comments?post=22113"}],"version-history":[{"count":2,"href":"https:\/\/www.altecs.be\/fr\/wp-json\/wp\/v2\/pages\/22113\/revisions"}],"predecessor-version":[{"id":22230,"href":"https:\/\/www.altecs.be\/fr\/wp-json\/wp\/v2\/pages\/22113\/revisions\/22230"}],"up":[{"embeddable":true,"href":"https:\/\/www.altecs.be\/fr\/wp-json\/wp\/v2\/pages\/21886"}],"wp:attachment":[{"href":"https:\/\/www.altecs.be\/fr\/wp-json\/wp\/v2\/media?parent=22113"}],"curies":[{"name":"wp","href":"https:\/\/api.w.org\/{rel}","templated":true}]}}